{"id":51,"date":"2017-11-13T14:12:00","date_gmt":"2017-11-13T13:12:00","guid":{"rendered":"http:\/\/bridge110.qodeinteractive.com\/?page_id=51"},"modified":"2023-07-28T13:19:10","modified_gmt":"2023-07-28T11:19:10","slug":"about","status":"publish","type":"page","link":"https:\/\/studiodca.net\/index.php\/about\/","title":{"rendered":"about"},"content":{"rendered":"<p>[vc_row css_animation=&#8221;&#8221; row_type=&#8221;row&#8221; use_row_as_full_screen_section=&#8221;no&#8221; type=&#8221;grid&#8221; angled_section=&#8221;no&#8221; text_align=&#8221;left&#8221; background_image_as_pattern=&#8221;without_pattern&#8221; css=&#8221;.vc_custom_1690543145450{margin-top: 100px !important;}&#8221; z_index=&#8221;&#8221;][vc_column][vc_column_text]<\/p>\n<h2>chi sono<\/h2>\n<p>[\/vc_column_text][vc_column_text]<\/p>\n<h1>studio dca<\/h1>\n<p>[\/vc_column_text][vc_column_text css=&#8221;.vc_custom_1690543089751{margin-top: 40px !important;margin-bottom: 100px !important;}&#8221;]<span style=\"vertical-align: inherit;\"><span style=\"vertical-align: inherit;\">Dario Curatolo si laurea in architettura a La Sapienza di Roma dove frequenta anche il Corso di perfezionamento in Teorie dell&#8217;Architettura. <\/span><span style=\"vertical-align: inherit;\">Si occupa di architettura, design e comunicazione visiva. <\/span><span style=\"vertical-align: inherit;\">\u00c8 membro del Comitato Scientifico del Triennale Design Museum (Triennale di Milano), del comitato direttivo nazionale dell&#8217;ADI. <\/span><span style=\"vertical-align: inherit;\">\u00c8 consigliere Lazio Aiap e delegato per il design dell&#8217;Inarch. <\/span><span style=\"vertical-align: inherit;\">Insegna grafica editoriale alla scuola IaD Universit\u00e0 di Tor Vergata.<\/span><\/span><\/p>\n<p><span style=\"vertical-align: inherit;\"><span style=\"vertical-align: inherit;\">Dal 2000 \u00e8 art director dell&#8217;Ordine degli Architetti e della casa dell&#8217;Architettura di Roma. <\/span><span style=\"vertical-align: inherit;\">Unisce architettura, design, grafica e multimedialit\u00e0. <\/span><span style=\"vertical-align: inherit;\">In questi anni ha lavorato su diversi progetti per ridare identit\u00e0 a luoghi, imprese e creare nuovi oggetti. <\/span><span style=\"vertical-align: inherit;\">Nel 2018 \u00e8 nominato Ambasciatore italiano del Design nell&#8217;ambito dell&#8217;iniziativa del Ministero degli Esteri Italian Design Day.<\/span><\/span><\/p>\n<p><span style=\"vertical-align: inherit;\"><span style=\"vertical-align: inherit;\">\u00c8 curatore e progettista del Padiglione Italiano all&#8217;Hong Kong Design Week 2017 con Ice e Bodw. <\/span><span style=\"vertical-align: inherit;\">Da anni crea marchi e identit\u00e0 visiva di aziende e istituzioni. <\/span><span style=\"vertical-align: inherit;\">Nel 2017 ha disegnato per Istituto Luce &#8211; Cinecitt\u00e0 l&#8217;identit\u00e0 visiva del MIAC (Museo Italiano Audiovisivo e Cinema), dell&#8217;ISPI e si \u00e8 aggiudicato il concorso internazionale per il rebranding dell&#8217;Universit\u00e0 della Campania L. Vanvitelli.<\/span><\/span><\/p>\n<p>Suo \u00e8 il progetto dell\u2019installazione &#8216;Landstories, il paesaggio italiano come progetto&#8217; esposta nel Padiglione Italia, del quale \u00e8 stato direttore artistico, alla 13\u00aa Biennale di Architettura di Venezia nel 2012. Alla\u00a0mostra internazionale d&#8217;arte cinematografica di Venezia, 67\u00aa e 68\u00aa edizione (nel 2010 e 2011), ha partecipato con la fotografia e la direzione artistica di due documentari:<i>Ward 54 <\/i>e <i>Out of Tehran<\/i>. \u00c8 dal 2012 al 2015 art director di &#8216;Fineterra&#8217;, Festival multidisciplinare sulla cultura dei paesi del Mediterraneo.[\/vc_column_text][\/vc_column][\/vc_row][vc_row css_animation=&#8221;&#8221; row_type=&#8221;row&#8221; use_row_as_full_screen_section=&#8221;no&#8221; type=&#8221;grid&#8221; angled_section=&#8221;no&#8221; text_align=&#8221;left&#8221; background_image_as_pattern=&#8221;without_pattern&#8221; z_index=&#8221;&#8221;][vc_column][vc_column_text]<\/p>\n<h2 style=\"color: #666;\">who i am<\/h2>\n<p>[\/vc_column_text][vc_column_text]<\/p>\n<h1 style=\"color: #666;\">studio dca<\/h1>\n<p>[\/vc_column_text][vc_column_text css=&#8221;.vc_custom_1690543109990{margin-top: 40px !important;margin-bottom: 100px !important;}&#8221;]<span style=\"color: #646464;\">Dario Curatolo graduated in architecture from La Sapienza, Rome, and attended the specialization programme in Architecture Theories. He deals with architecture, design and visual communication and is a member of the Scientific Committee of the Triennale Design Museum (Triennale di Milano) and of the ADI national board. Councilor for the Lazio region in AIAP and design delegate at Inarch. He teaches publishing graphics at the IaD school of the Tor Vergata University.<\/span><\/p>\n<p><span style=\"color: #646464;\">Since 2000 he has been art director of the Register of Architects and of the House of Architecture of Rome. Over these years, he has worked on various projects to give back identity to places, companies and create new objects. In 2018 he was appointed Italian Design Ambassador within the Italian Design Day project of the Ministry for Foreign Affairs.<\/span><\/p>\n<p><span style=\"color: #646464;\">He was curator and designer of the Italian Pavilion at the Hong Kong Design Week 2017 with ICE and BODW. He has been creating brands and visual identity of companies and institutions for years. In 2017, for Istituto Luce &#8211; Cinecitt\u00e0, he designed the visual identity of MIAC (Museo Italiano Audiovisivo e Cinema &#8211; Italian Museum of Audiovisual Arts and Cinema), of ISPI, and won the international competition for the rebranding of the Universit\u00e0 della Campania L. Vanvitelli.<\/span><\/p>\n<p><span style=\"color: #646464;\">He designed installation &#8216;Landstories, il paesaggio italiano come progetto &#8211; Italian Landscape as a Project&#8217; at the Italian Pavilion, of which he was the artistic director, at the 13th Architecture Biennale di Venezia in 2012. He participated in the 67th and 68th Venice International Film Festivals (in 2010 and 2011), with the photography and art direction of two documentaries: <em>Ward 54 <\/em>and <em>Out of Tehran<\/em>. From 2012 to 2015 he was art director of &#8216;Fineterra&#8217;, Multidisciplinary Festival on the Culture of Mediterranean Countries.<\/span>[\/vc_column_text][\/vc_column][\/vc_row]<\/p>\n","protected":false},"excerpt":{"rendered":"<p>[vc_row css_animation=&#8221;&#8221; row_type=&#8221;row&#8221; use_row_as_full_screen_section=&#8221;no&#8221; type=&#8221;grid&#8221; angled_section=&#8221;no&#8221; text_align=&#8221;left&#8221; background_image_as_pattern=&#8221;without_pattern&#8221; css=&#8221;.vc_custom_1690543145450{margin-top: 100px&#8230;<\/p>\n","protected":false},"author":1,"featured_media":0,"parent":0,"menu_order":0,"comment_status":"closed","ping_status":"closed","template":"full_width.php","meta":{"footnotes":""},"_links":{"self":[{"href":"https:\/\/studiodca.net\/index.php\/wp-json\/wp\/v2\/pages\/51"}],"collection":[{"href":"https:\/\/studiodca.net\/index.php\/wp-json\/wp\/v2\/pages"}],"about":[{"href":"https:\/\/studiodca.net\/index.php\/wp-json\/wp\/v2\/types\/page"}],"author":[{"embeddable":true,"href":"https:\/\/studiodca.net\/index.php\/wp-json\/wp\/v2\/users\/1"}],"replies":[{"embeddable":true,"href":"https:\/\/studiodca.net\/index.php\/wp-json\/wp\/v2\/comments?post=51"}],"version-history":[{"count":52,"href":"https:\/\/studiodca.net\/index.php\/wp-json\/wp\/v2\/pages\/51\/revisions"}],"predecessor-version":[{"id":512,"href":"https:\/\/studiodca.net\/index.php\/wp-json\/wp\/v2\/pages\/51\/revisions\/512"}],"wp:attachment":[{"href":"https:\/\/studiodca.net\/index.php\/wp-json\/wp\/v2\/media?parent=51"}],"curies":[{"name":"wp","href":"https:\/\/api.w.org\/{rel}","templated":true}]}}